{"id":267,"date":"2020-10-23T01:44:54","date_gmt":"2020-10-22T23:44:54","guid":{"rendered":"https:\/\/lipik.hr\/development-through-dihs\/?page_id=267"},"modified":"2023-03-30T14:54:33","modified_gmt":"2023-03-30T12:54:33","slug":"vijesti","status":"publish","type":"page","link":"https:\/\/lipik.hr\/development-through-dihs\/vijesti\/","title":{"rendered":"Vijesti"},"content":{"rendered":"<section style=\"\">\n<article>\n                                                        <a href=\"https:\/\/lipik.hr\/development-through-dihs\/2020\/10\/23\/odrzana-pocetna-konferencija-projekta-prekogranicne-suradnje-kojim-ce-se-uspostaviti-digitalni-inovacijski-centar\/\"><img loading=\"lazy\" width=\"670\" height=\"502\" src=\"https:\/\/lipik.hr\/development-through-dihs\/wp-content\/uploads\/2020\/10\/clanak-670x503.jpg\" alt=\"clanak\" srcset=\"https:\/\/lipik.hr\/development-through-dihs\/wp-content\/uploads\/2020\/10\/clanak-150x113.jpg 150w,https:\/\/lipik.hr\/development-through-dihs\/wp-content\/uploads\/2020\/10\/clanak-300x225.jpg 300w,https:\/\/lipik.hr\/development-through-dihs\/wp-content\/uploads\/2020\/10\/clanak-768x576.jpg 768w,https:\/\/lipik.hr\/development-through-dihs\/wp-content\/uploads\/2020\/10\/clanak-1024x768.jpg 1024w,https:\/\/lipik.hr\/development-through-dihs\/wp-content\/uploads\/2020\/10\/clanak-670x503.jpg 670w,https:\/\/lipik.hr\/development-through-dihs\/wp-content\/uploads\/2020\/10\/clanak-1142x856.jpg 1142w\" data-ratio=\"1.33\" data-original-w=\"1152\" sizes=\"(max-width:479px) 480px,(max-width:767px) 768px,(max-width:1023px) 1024px,670px\"><\/a><\/p>\n<header>\n<h4>\n                                        <a href=\"https:\/\/lipik.hr\/development-through-dihs\/2020\/10\/23\/odrzana-pocetna-konferencija-projekta-prekogranicne-suradnje-kojim-ce-se-uspostaviti-digitalni-inovacijski-centar\/\"><br \/>\nOdr\u017eana po\u010detna konferencija projekta prekograni\u010dne suradnje kojim \u0107e se uspostaviti digitalni inovacijski centar                                        <\/a><\/h4>\n<p><a href=\"https:\/\/lipik.hr\/development-through-dihs\/2020\/10\/23\/odrzana-pocetna-konferencija-projekta-prekogranicne-suradnje-kojim-ce-se-uspostaviti-digitalni-inovacijski-centar\/\"><br \/>\n<\/a><br \/>\n<\/header>\n<p>                                        <a href=\"https:\/\/lipik.hr\/development-through-dihs\/2020\/10\/23\/odrzana-pocetna-konferencija-projekta-prekogranicne-suradnje-kojim-ce-se-uspostaviti-digitalni-inovacijski-centar\/\"><br \/>\n<time datetime=\"2020-10-23T00:35:51+02:00\" title=\"2020-10-23T00:35:51+02:00\">23. listopada 2020.<\/time><br \/>\n<\/a><br \/>\n<a href=\"https:\/\/lipik.hr\/development-through-dihs\/category\/nekategorizirano-hr\/\" title=\"View all posts in Nekategorizirano\" rel=\"category\">Nekategorizirano<\/a><br \/>\n<i> | <\/i><a href=\"https:\/\/lipik.hr\/development-through-dihs\/wp-admin\/post.php?post=262&amp;action=edit\">Edit<\/a><\/p>\n<p>Po\u010detna konferencija projekta \u201eDevelopment through Digital Innovative Hubs in Gradi\u0161ka, Daruvar, Lipik and Kotor\u201c (\u201eDevelopment through DIHs\u201c) odr\u017eana je 22. listopada. Me\u0111utim, zbog aktualne situaci &#8230;<\/p>\n<footer>\n                                        <a href=\"https:\/\/lipik.hr\/development-through-dihs\/2020\/10\/23\/odrzana-pocetna-konferencija-projekta-prekogranicne-suradnje-kojim-ce-se-uspostaviti-digitalni-inovacijski-centar\/\">Pro\u010ditaj vi\u0161e<\/a><br \/>\n<\/footer>\n<\/article>\n<article>\n                                                        <a href=\"https:\/\/lipik.hr\/development-through-dihs\/2020\/10\/20\/zapoceo-projekt-prekogranicne-suradnje-development-trough-digital-innovative-hubs-in-gradiska-daruvar-lipik-and-kotor\/\"><img loading=\"lazy\" width=\"670\" height=\"502\" src=\"https:\/\/lipik.hr\/development-through-dihs\/wp-content\/uploads\/2020\/10\/thumbnail-670x503.jpg\" alt=\"thumbnail\" srcset=\"https:\/\/lipik.hr\/development-through-dihs\/wp-content\/uploads\/2020\/10\/thumbnail-150x113.jpg 150w,https:\/\/lipik.hr\/development-through-dihs\/wp-content\/uploads\/2020\/10\/thumbnail-300x225.jpg 300w,https:\/\/lipik.hr\/development-through-dihs\/wp-content\/uploads\/2020\/10\/thumbnail-768x576.jpg 768w,https:\/\/lipik.hr\/development-through-dihs\/wp-content\/uploads\/2020\/10\/thumbnail-1024x768.jpg 1024w,https:\/\/lipik.hr\/development-through-dihs\/wp-content\/uploads\/2020\/10\/thumbnail-670x503.jpg 670w,https:\/\/lipik.hr\/development-through-dihs\/wp-content\/uploads\/2020\/10\/thumbnail-1610x1207.jpg 1610w\" data-ratio=\"1.33\" data-original-w=\"1620\" sizes=\"(max-width:479px) 480px,(max-width:767px) 768px,(max-width:1023px) 1024px,670px\"><\/a><\/p>\n<header>\n<h4>\n                                        <a href=\"https:\/\/lipik.hr\/development-through-dihs\/2020\/10\/20\/zapoceo-projekt-prekogranicne-suradnje-development-trough-digital-innovative-hubs-in-gradiska-daruvar-lipik-and-kotor\/\"><br \/>\nZapo\u010deo projekt prekograni\u010dne suradnje \u201cDevelopment trough Digital Innovative Hubs in Gradi\u0161ka, Daruvar, Lipik and Kotor\u201d                                        <\/a><\/h4>\n<p><a href=\"https:\/\/lipik.hr\/development-through-dihs\/2020\/10\/20\/zapoceo-projekt-prekogranicne-suradnje-development-trough-digital-innovative-hubs-in-gradiska-daruvar-lipik-and-kotor\/\"><br \/>\n<\/a><br \/>\n<\/header>\n<p>                                        <a href=\"https:\/\/lipik.hr\/development-through-dihs\/2020\/10\/20\/zapoceo-projekt-prekogranicne-suradnje-development-trough-digital-innovative-hubs-in-gradiska-daruvar-lipik-and-kotor\/\"><br \/>\n<time datetime=\"2020-10-20T18:59:17+02:00\" title=\"2020-10-20T18:59:17+02:00\">20. listopada 2020.<\/time><br \/>\n<\/a><br \/>\n<a href=\"https:\/\/lipik.hr\/development-through-dihs\/category\/nekategorizirano-hr\/\" title=\"View all posts in Nekategorizirano\" rel=\"category\">Nekategorizirano<\/a><br \/>\n<i> | <\/i><a href=\"https:\/\/lipik.hr\/development-through-dihs\/wp-admin\/post.php?post=115&amp;action=edit\">Edit<\/a><\/p>\n<p>Projekt je sufinanciran iz programa INTERREG IPA CBC-HR-BA-ME prekograni\u010dne suradnje, a u njemu sudjeluju Grad Gradi\u0161ka (BiH), Grad Daruvar, Grad Lipik i Op\u0107ina Kotor.&nbsp;<br \/>\nProjekt je zapo\u010deo 1.8 &#8230;<\/p>\n<footer>\n                                        <a href=\"https:\/\/lipik.hr\/development-through-dihs\/2020\/10\/20\/zapoceo-projekt-prekogranicne-suradnje-development-trough-digital-innovative-hubs-in-gradiska-daruvar-lipik-and-kotor\/\">Pro\u010ditaj vi\u0161e<\/a><br \/>\n<a href=\"https:\/\/lipik.hr\/development-through-dihs\/2020\/10\/20\/zapoceo-projekt-prekogranicne-suradnje-development-trough-digital-innovative-hubs-in-gradiska-daruvar-lipik-and-kotor\/#comments\"><br \/>\n0<br \/>\n<\/a><br \/>\n<\/footer>\n<\/article>\n<\/section>\n<p><!-- widget-container --><\/p>\n","protected":false},"excerpt":{"rendered":"<p>Odr\u017eana po\u010detna konferencija projekta prekograni\u010dne suradnje kojim \u0107e se uspostaviti digitalni inovacijski centar 23. listopada 2020. Nekategorizirano | Edit Po\u010detna konferencija projekta \u201eDevelopment through Digital Innovative Hubs in Gradi\u0161ka, Daruvar, Lipik and Kotor\u201c (\u201eDevelopment through DIHs\u201c) odr\u017eana je 22. listopada. Me\u0111utim, zbog aktualne situaci &#8230; Pro\u010ditaj vi\u0161e Zapo\u010deo projekt prekograni\u010dne suradnje \u201cDevelopment trough Digital Innovative [&hellip;]<\/p>\n","protected":false},"author":1,"featured_media":0,"parent":0,"menu_order":0,"comment_status":"closed","ping_status":"closed","template":"templates\/page-builder-content.php","meta":[],"_links":{"self":[{"href":"https:\/\/lipik.hr\/development-through-dihs\/wp-json\/wp\/v2\/pages\/267"}],"collection":[{"href":"https:\/\/lipik.hr\/development-through-dihs\/wp-json\/wp\/v2\/pages"}],"about":[{"href":"https:\/\/lipik.hr\/development-through-dihs\/wp-json\/wp\/v2\/types\/page"}],"author":[{"embeddable":true,"href":"https:\/\/lipik.hr\/development-through-dihs\/wp-json\/wp\/v2\/users\/1"}],"replies":[{"embeddable":true,"href":"https:\/\/lipik.hr\/development-through-dihs\/wp-json\/wp\/v2\/comments?post=267"}],"version-history":[{"count":4,"href":"https:\/\/lipik.hr\/development-through-dihs\/wp-json\/wp\/v2\/pages\/267\/revisions"}],"predecessor-version":[{"id":273,"href":"https:\/\/lipik.hr\/development-through-dihs\/wp-json\/wp\/v2\/pages\/267\/revisions\/273"}],"wp:attachment":[{"href":"https:\/\/lipik.hr\/development-through-dihs\/wp-json\/wp\/v2\/media?parent=267"}],"curies":[{"name":"wp","href":"https:\/\/api.w.org\/{rel}","templated":true}]}}